{"id":72,"date":"2024-02-12T16:35:57","date_gmt":"2024-02-12T16:35:57","guid":{"rendered":"https:\/\/tromarpolska.pl\/?page_id=72"},"modified":"2024-02-13T11:53:10","modified_gmt":"2024-02-13T11:53:10","slug":"o-nas","status":"publish","type":"page","link":"https:\/\/tromarpolska.pl\/index.php\/o-nas\/","title":{"rendered":"O nas"},"content":{"rendered":"\n<p><\/p>\n\n\n\n<div class=\"wp-block-group is-layout-constrained wp-container-core-group-layout-1 wp-block-group-is-layout-constrained\" style=\"padding-bottom:100px\">\n<div class=\"wp-block-columns is-layout-flex wp-container-core-columns-layout-4 wp-block-columns-is-layout-flex\">\n<div class=\"wp-block-column is-layout-flow wp-block-column-is-layout-flow\">\n<h2 class=\"wp-block-heading intrace-animate intrace-move-right intrace-delay-1 has-intrace-accent-color has-text-color has-heading-5-font-size\" style=\"font-style:normal;font-weight:600;letter-spacing:1px;text-transform:uppercase\">Okna i DRZWI<\/h2>\n\n\n\n<h2 class=\"wp-block-heading intrace-animate intrace-move-right intrace-delay-3 has-intrace-primary-color has-text-color has-heading-2-font-size\" style=\"font-style:normal;font-weight:600;letter-spacing:1px;line-height:1;text-transform:uppercase\">TROMAR POLSKA<\/h2>\n\n\n\n<div class=\"wp-block-columns is-layout-flex wp-container-core-columns-layout-1 wp-block-columns-is-layout-flex\" style=\"padding-top:10px;padding-right:80px\">\n<div class=\"wp-block-column is-layout-flow wp-block-column-is-layout-flow\" style=\"flex-basis:100%\">\n<p class=\"has-text-align-left intrace-animate intrace-move-right intrace-delay-5 has-intrace-body-text-color has-text-color has-heading-6-font-size\" style=\"font-style:normal;font-weight:300\"><strong>Tromar Polska<\/strong> &#8211; firma powsta\u0142a w 1992 roku w Siemiatyczach w niewielkim zak\u0142adzie zlokalizowanym w centrum tego miasta. Pocz\u0105tkowo firma skupia\u0142a si\u0119 wok\u00f3\u0142 produkcji okien i drzwi drewnianych. Od pocz\u0105tku by\u0142a nastawiona na jako\u015b\u0107 wytwarzanych produkt\u00f3w. Wi\u0105za\u0142o si\u0119 to z selekcj\u0105 zamawianych towar\u00f3w, mi\u0119dzy innymi: najwy\u017cszej jako\u015bci drewna. Jako jeden z nielicznych producent\u00f3w zrezygnowali\u015bmy z wykorzystywania gorszych jako\u015bciowo \u0142\u0105cze\u0144 drewna na &#8222;mikrowczep&#8221;. Stosowane okucia, szyby zespolone i inne podzespo\u0142y zawsze \u015bwiadczy\u0142y o najwy\u017cszej jako\u015bci. Polityka firmy doprowadzi\u0142a do wysokiej renomy, a tym samym wi\u0119kszego popytu na nasze produkty. <\/p>\n\n\n\n<p class=\"has-text-align-left intrace-animate intrace-move-right intrace-delay-5 has-intrace-body-text-color has-text-color has-heading-6-font-size\" style=\"font-style:normal;font-weight:300\">Ju\u017c w 1999r nast\u0105pi\u0142o przej\u0119cie s\u0105siaduj\u0105cego zak\u0142adu. W tym czasie nast\u0105pi\u0142o r\u00f3wnie\u017c zwi\u0119kszenie zatrudnienia, dalsze unowocze\u015bnienia i udoskonalenia proces\u00f3w wytw\u00f3rczych. Tu\u017c po wej\u015bciu Polski do UE ponownie zostali\u015bmy wyr\u00f3\u017cnieni otrzymuj\u0105c unijne dotacje umo\u017cliwiaj\u0105ce dalszy rozw\u00f3j. W tym czasie zak\u0142ad rozbudowany zosta\u0142 o nowe biuro i lini\u0119 sterowan\u0105 numerycznie CNC. W dalszym etapie poszerzyli\u015bmy ofert\u0119 o <strong>okna <\/strong>i <strong>drzwi PCV<\/strong>, <strong>drzwi wewn\u0119trzne, drzwi zewn\u0119trzne stalowe, bramy gara\u017cowe, moskitiery, rolety<\/strong>, ogrodzenia, kominki, pakiety szybowe i wiele innych produkt\u00f3w. <\/p>\n\n\n\n<p class=\"has-text-align-left intrace-animate intrace-move-right intrace-delay-5 has-intrace-body-text-color has-text-color has-heading-6-font-size\" style=\"font-style:normal;font-weight:300\">Obecnie skupiamy si\u0119 na sprzeda\u017cy i monta\u017cu g\u0142\u00f3wnie w rejonie wojew\u00f3dztw <strong>Podlaskiego <\/strong>(Siemiatycze, Bielsk Podlaski, \u0141apy, Sejny, Bia\u0142ystok, August\u00f3w), <strong>Mazowieckiego <\/strong>(Mi\u0144sk Mazowiecki, Siedlce, \u0141osice, Soko\u0142\u00f3w Podlaski, W\u0119gr\u00f3w, Warszawa, Nadarzyn, Pruszk\u00f3w, Janki, Sochaczew) i <strong>Lubelskiego <\/strong>(Bia\u0142a Podlaska, Jan\u00f3w Podlaski, Mi\u0119dzyrzec Podlaski, Lublin, Lubart\u00f3w). Nie ograniczamy si\u0119 jednak tylko do tych rejon\u00f3w. Nasze produkty znalaz\u0142y si\u0119 r\u00f3wnie\u017c w innych krajach takich jak <strong>Belgia<\/strong>, <strong>Niemcy <\/strong>czy <strong>Rumunia<\/strong>. Obecnie biuro firmy jak i zak\u0142ad produkcyjny znajduje si\u0119 w miejscowo\u015bci Siemiatycze przy ulicy Krzywej 18. Zapraszamy do kontaktu.<\/p>\n<\/div>\n<\/div>\n\n\n\n<div class=\"wp-block-columns is-layout-flex wp-container-core-columns-layout-3 wp-block-columns-is-layout-flex\">\n<div class=\"wp-block-column is-layout-flow wp-block-column-is-layout-flow\" style=\"flex-basis:100%\">\n<p class=\"intrace-margin-top-n10 intrace-animate intrace-move-right intrace-delay-5 has-intrace-primary-color has-text-color has-heading-5-font-size\" style=\"font-style:normal;font-weight:400;line-height:2\"><\/p>\n\n\n\n<div class=\"wp-block-columns is-layout-flex wp-container-core-columns-layout-2 wp-block-columns-is-layout-flex\">\n<div class=\"wp-block-column is-layout-flow wp-block-column-is-layout-flow\" style=\"flex-basis:100%\">\n<div class=\"wp-block-buttons intrace-animate intrace-move-right intrace-delay-7 is-layout-flex wp-block-buttons-is-layout-flex\"><\/div>\n<\/div>\n<\/div>\n<\/div>\n<\/div>\n<\/div>\n\n\n\n<div class=\"wp-block-column is-vertically-aligned-center is-layout-flow wp-block-column-is-layout-flow\">\n<figure class=\"wp-block-image size-full is-resized intrace-animate intrace-move-left intrace-delay-7 wp-duotone-unset-1\"><img loading=\"lazy\" decoding=\"async\" width=\"960\" height=\"720\" src=\"https:\/\/tromarpolska.pl\/wp-content\/uploads\/2024\/01\/17800044_792596054250557_2371283861273124342_n.jpg\" alt=\"\" class=\"wp-image-27\" style=\"width:560px;height:450px\" srcset=\"https:\/\/tromarpolska.pl\/wp-content\/uploads\/2024\/01\/17800044_792596054250557_2371283861273124342_n.jpg 960w, https:\/\/tromarpolska.pl\/wp-content\/uploads\/2024\/01\/17800044_792596054250557_2371283861273124342_n-300x225.jpg 300w, https:\/\/tromarpolska.pl\/wp-content\/uploads\/2024\/01\/17800044_792596054250557_2371283861273124342_n-768x576.jpg 768w\" sizes=\"(max-width: 960px) 100vw, 960px\" \/><\/figure>\n<\/div>\n<\/div>\n<\/div>\n","protected":false},"excerpt":{"rendered":"<p>Okna i DRZWI TROMAR POLSKA Tromar Polska &#8211; firma powsta\u0142a w 1992 roku w Siemiatyczach w niewielkim zak\u0142adzie zlokalizowanym w centrum tego miasta. Pocz\u0105tkowo firma skupia\u0142a si\u0119 wok\u00f3\u0142 produkcji okien i drzwi drewnianych. Od pocz\u0105tku by\u0142a nastawiona na jako\u015b\u0107 wytwarzanych produkt\u00f3w. Wi\u0105za\u0142o si\u0119 to z selekcj\u0105 zamawianych towar\u00f3w, mi\u0119dzy innymi: najwy\u017cszej jako\u015bci drewna. Jako jeden z nielicznych producent\u00f3w zrezygnowali\u015bmy z wykorzystywania gorszych jako\u015bciowo \u0142\u0105cze\u0144 drewna na &#8222;mikrowczep&#8221;. Stosowane okucia, szyby zespolone i inne podzespo\u0142y zawsze \u015bwiadczy\u0142y o najwy\u017cszej jako\u015bci. Polityka firmy doprowadzi\u0142a do wysokiej renomy, a tym samym wi\u0119kszego popytu na nasze produkty. Ju\u017c w 1999r nast\u0105pi\u0142o przej\u0119cie s\u0105siaduj\u0105cego zak\u0142adu.<\/p>\n","protected":false},"author":1,"featured_media":0,"parent":0,"menu_order":0,"comment_status":"closed","ping_status":"closed","template":"","meta":{"footnotes":""},"yoast_head":"<!-- This site is optimized with the Yoast SEO plugin v23.1 - https:\/\/yoast.com\/wordpress\/plugins\/seo\/ -->\n<title>O nas - Tromar Polska<\/title>\n<meta name=\"description\" content=\"Producent okien i drzwi w Siemiatyczach. Okna, drzwi, bramy gara\u017cowe, ogrodzenia, kominki, parapety, \u017caluzje, moskitiery.\" \/>\n<meta name=\"robots\" content=\"index, follow, max-snippet:-1, max-image-preview:large, max-video-preview:-1\" \/>\n<link rel=\"canonical\" href=\"https:\/\/tromarpolska.pl\/index.php\/o-nas\/\" \/>\n<meta property=\"og:locale\" content=\"pl_PL\" \/>\n<meta property=\"og:type\" content=\"article\" \/>\n<meta property=\"og:title\" content=\"O nas - Tromar Polska\" \/>\n<meta property=\"og:description\" content=\"Producent okien i drzwi w Siemiatyczach. Okna, drzwi, bramy gara\u017cowe, ogrodzenia, kominki, parapety, \u017caluzje, moskitiery.\" \/>\n<meta property=\"og:url\" content=\"https:\/\/tromarpolska.pl\/index.php\/o-nas\/\" \/>\n<meta property=\"og:site_name\" content=\"Tromar Polska\" \/>\n<meta property=\"article:publisher\" content=\"https:\/\/www.facebook.com\/okna.drzwi.tromar.polska\" \/>\n<meta property=\"article:modified_time\" content=\"2024-02-13T11:53:10+00:00\" \/>\n<meta property=\"og:image\" content=\"https:\/\/tromarpolska.pl\/wp-content\/uploads\/2024\/01\/17800044_792596054250557_2371283861273124342_n.jpg\" \/>\n<meta name=\"twitter:card\" content=\"summary_large_image\" \/>\n<meta name=\"twitter:label1\" content=\"Szacowany czas czytania\" \/>\n\t<meta name=\"twitter:data1\" content=\"2 minuty\" \/>\n<script type=\"application\/ld+json\" class=\"yoast-schema-graph\">{\"@context\":\"https:\/\/schema.org\",\"@graph\":[{\"@type\":\"WebPage\",\"@id\":\"https:\/\/tromarpolska.pl\/index.php\/o-nas\/\",\"url\":\"https:\/\/tromarpolska.pl\/index.php\/o-nas\/\",\"name\":\"O nas - Tromar Polska\",\"isPartOf\":{\"@id\":\"https:\/\/tromarpolska.pl\/#website\"},\"primaryImageOfPage\":{\"@id\":\"https:\/\/tromarpolska.pl\/index.php\/o-nas\/#primaryimage\"},\"image\":{\"@id\":\"https:\/\/tromarpolska.pl\/index.php\/o-nas\/#primaryimage\"},\"thumbnailUrl\":\"https:\/\/tromarpolska.pl\/wp-content\/uploads\/2024\/01\/17800044_792596054250557_2371283861273124342_n.jpg\",\"datePublished\":\"2024-02-12T16:35:57+00:00\",\"dateModified\":\"2024-02-13T11:53:10+00:00\",\"description\":\"Producent okien i drzwi w Siemiatyczach. Okna, drzwi, bramy gara\u017cowe, ogrodzenia, kominki, parapety, \u017caluzje, moskitiery.\",\"breadcrumb\":{\"@id\":\"https:\/\/tromarpolska.pl\/index.php\/o-nas\/#breadcrumb\"},\"inLanguage\":\"pl-PL\",\"potentialAction\":[{\"@type\":\"ReadAction\",\"target\":[\"https:\/\/tromarpolska.pl\/index.php\/o-nas\/\"]}]},{\"@type\":\"ImageObject\",\"inLanguage\":\"pl-PL\",\"@id\":\"https:\/\/tromarpolska.pl\/index.php\/o-nas\/#primaryimage\",\"url\":\"https:\/\/tromarpolska.pl\/wp-content\/uploads\/2024\/01\/17800044_792596054250557_2371283861273124342_n.jpg\",\"contentUrl\":\"https:\/\/tromarpolska.pl\/wp-content\/uploads\/2024\/01\/17800044_792596054250557_2371283861273124342_n.jpg\",\"width\":960,\"height\":720},{\"@type\":\"BreadcrumbList\",\"@id\":\"https:\/\/tromarpolska.pl\/index.php\/o-nas\/#breadcrumb\",\"itemListElement\":[{\"@type\":\"ListItem\",\"position\":1,\"name\":\"Strona g\u0142\u00f3wna\",\"item\":\"https:\/\/tromarpolska.pl\/\"},{\"@type\":\"ListItem\",\"position\":2,\"name\":\"O nas\"}]},{\"@type\":\"WebSite\",\"@id\":\"https:\/\/tromarpolska.pl\/#website\",\"url\":\"https:\/\/tromarpolska.pl\/\",\"name\":\"Tromar Polska\",\"description\":\"Producent Okien i Drzwi\",\"potentialAction\":[{\"@type\":\"SearchAction\",\"target\":{\"@type\":\"EntryPoint\",\"urlTemplate\":\"https:\/\/tromarpolska.pl\/?s={search_term_string}\"},\"query-input\":\"required name=search_term_string\"}],\"inLanguage\":\"pl-PL\"}]}<\/script>\n<!-- \/ Yoast SEO plugin. -->","yoast_head_json":{"title":"O nas - Tromar Polska","description":"Producent okien i drzwi w Siemiatyczach. Okna, drzwi, bramy gara\u017cowe, ogrodzenia, kominki, parapety, \u017caluzje, moskitiery.","robots":{"index":"index","follow":"follow","max-snippet":"max-snippet:-1","max-image-preview":"max-image-preview:large","max-video-preview":"max-video-preview:-1"},"canonical":"https:\/\/tromarpolska.pl\/index.php\/o-nas\/","og_locale":"pl_PL","og_type":"article","og_title":"O nas - Tromar Polska","og_description":"Producent okien i drzwi w Siemiatyczach. Okna, drzwi, bramy gara\u017cowe, ogrodzenia, kominki, parapety, \u017caluzje, moskitiery.","og_url":"https:\/\/tromarpolska.pl\/index.php\/o-nas\/","og_site_name":"Tromar Polska","article_publisher":"https:\/\/www.facebook.com\/okna.drzwi.tromar.polska","article_modified_time":"2024-02-13T11:53:10+00:00","og_image":[{"url":"https:\/\/tromarpolska.pl\/wp-content\/uploads\/2024\/01\/17800044_792596054250557_2371283861273124342_n.jpg"}],"twitter_card":"summary_large_image","twitter_misc":{"Szacowany czas czytania":"2 minuty"},"schema":{"@context":"https:\/\/schema.org","@graph":[{"@type":"WebPage","@id":"https:\/\/tromarpolska.pl\/index.php\/o-nas\/","url":"https:\/\/tromarpolska.pl\/index.php\/o-nas\/","name":"O nas - Tromar Polska","isPartOf":{"@id":"https:\/\/tromarpolska.pl\/#website"},"primaryImageOfPage":{"@id":"https:\/\/tromarpolska.pl\/index.php\/o-nas\/#primaryimage"},"image":{"@id":"https:\/\/tromarpolska.pl\/index.php\/o-nas\/#primaryimage"},"thumbnailUrl":"https:\/\/tromarpolska.pl\/wp-content\/uploads\/2024\/01\/17800044_792596054250557_2371283861273124342_n.jpg","datePublished":"2024-02-12T16:35:57+00:00","dateModified":"2024-02-13T11:53:10+00:00","description":"Producent okien i drzwi w Siemiatyczach. Okna, drzwi, bramy gara\u017cowe, ogrodzenia, kominki, parapety, \u017caluzje, moskitiery.","breadcrumb":{"@id":"https:\/\/tromarpolska.pl\/index.php\/o-nas\/#breadcrumb"},"inLanguage":"pl-PL","potentialAction":[{"@type":"ReadAction","target":["https:\/\/tromarpolska.pl\/index.php\/o-nas\/"]}]},{"@type":"ImageObject","inLanguage":"pl-PL","@id":"https:\/\/tromarpolska.pl\/index.php\/o-nas\/#primaryimage","url":"https:\/\/tromarpolska.pl\/wp-content\/uploads\/2024\/01\/17800044_792596054250557_2371283861273124342_n.jpg","contentUrl":"https:\/\/tromarpolska.pl\/wp-content\/uploads\/2024\/01\/17800044_792596054250557_2371283861273124342_n.jpg","width":960,"height":720},{"@type":"BreadcrumbList","@id":"https:\/\/tromarpolska.pl\/index.php\/o-nas\/#breadcrumb","itemListElement":[{"@type":"ListItem","position":1,"name":"Strona g\u0142\u00f3wna","item":"https:\/\/tromarpolska.pl\/"},{"@type":"ListItem","position":2,"name":"O nas"}]},{"@type":"WebSite","@id":"https:\/\/tromarpolska.pl\/#website","url":"https:\/\/tromarpolska.pl\/","name":"Tromar Polska","description":"Producent Okien i Drzwi","potentialAction":[{"@type":"SearchAction","target":{"@type":"EntryPoint","urlTemplate":"https:\/\/tromarpolska.pl\/?s={search_term_string}"},"query-input":"required name=search_term_string"}],"inLanguage":"pl-PL"}]}},"_links":{"self":[{"href":"https:\/\/tromarpolska.pl\/index.php\/wp-json\/wp\/v2\/pages\/72"}],"collection":[{"href":"https:\/\/tromarpolska.pl\/index.php\/wp-json\/wp\/v2\/pages"}],"about":[{"href":"https:\/\/tromarpolska.pl\/index.php\/wp-json\/wp\/v2\/types\/page"}],"author":[{"embeddable":true,"href":"https:\/\/tromarpolska.pl\/index.php\/wp-json\/wp\/v2\/users\/1"}],"replies":[{"embeddable":true,"href":"https:\/\/tromarpolska.pl\/index.php\/wp-json\/wp\/v2\/comments?post=72"}],"version-history":[{"count":12,"href":"https:\/\/tromarpolska.pl\/index.php\/wp-json\/wp\/v2\/pages\/72\/revisions"}],"predecessor-version":[{"id":134,"href":"https:\/\/tromarpolska.pl\/index.php\/wp-json\/wp\/v2\/pages\/72\/revisions\/134"}],"wp:attachment":[{"href":"https:\/\/tromarpolska.pl\/index.php\/wp-json\/wp\/v2\/media?parent=72"}],"curies":[{"name":"wp","href":"https:\/\/api.w.org\/{rel}","templated":true}]}}